{"id":998,"date":"2025-11-05T21:45:22","date_gmt":"2025-11-05T21:45:22","guid":{"rendered":"https:\/\/mmfs.local\/services-aux-patients\/"},"modified":"2025-11-28T22:47:10","modified_gmt":"2025-11-28T22:47:10","slug":"patient-services","status":"publish","type":"page","link":"https:\/\/www.mmfs.org\/en\/patient-services\/","title":{"rendered":"Patient Services"},"content":{"rendered":"\n<section class=\"wp-block-group alignfull dark general_padding hero-banner-small is-layout-flow wp-block-group-is-layout-flow\">\n<figure class=\"wp-block-image size-large overlay-bg image-fixed-animation\"><img loading=\"lazy\" decoding=\"async\" width=\"1024\" height=\"576\" src=\"https:\/\/www.mmfs.org\/wp-content\/uploads\/2025\/11\/family-1024x576.png\" alt=\"\" class=\"wp-image-188\" srcset=\"https:\/\/www.mmfs.org\/wp-content\/uploads\/2025\/11\/family-1024x576.png 1024w, https:\/\/www.mmfs.org\/wp-content\/uploads\/2025\/11\/family-300x169.png 300w, https:\/\/www.mmfs.org\/wp-content\/uploads\/2025\/11\/family-768x432.png 768w, https:\/\/www.mmfs.org\/wp-content\/uploads\/2025\/11\/family-1536x864.png 1536w, https:\/\/www.mmfs.org\/wp-content\/uploads\/2025\/11\/family.png 1920w\" sizes=\"auto, (max-width: 1024px) 100vw, 1024px\" \/><\/figure>\n\n\n\n<figure class=\"wp-block-video overlay-bg d-none  image-fixed-animation\"><video autoplay loop muted src=\"http:\/\/icad.local\/wp-content\/uploads\/2025\/10\/videoplayback.mp4\" playsinline><\/video><\/figure>\n\n\n\n<div class=\"overlay_effect\" style=\"background-color: rgba(38, 41, 51, 0.6);\">\n<\/div>\n\n\n<div class=\"wp-block-group alignfull content_text_hero is-layout-flow wp-block-group-is-layout-flow\">\n<p>Services et soins<\/p>\n\n\n\n<div style=\"height:1.4rem\" aria-hidden=\"true\" class=\"wp-block-spacer\"><\/div>\n\n\n\n<h2 class=\"wp-block-heading has-text-align-left has-custom-blanc-color has-text-color has-link-color wp-elements-318187b64b1f4b25ebabb465de37a9ff\" id=\"dynamicTitle\" style=\"font-style:normal;font-weight:600;text-transform:none\">Services \u2028aux patients<\/h2>\n<\/div>\n<\/section>\n\n\n\n<section class=\"wp-block-group alignfull deux_blocks_longimage general_padding_small is-layout-flow wp-block-group-is-layout-flow\">\n<div class=\"wp-block-columns container_deux is-layout-flex wp-container-core-columns-is-layout-28f84493 wp-block-columns-is-layout-flex\">\n<div class=\"wp-block-column container_left is-layout-flow wp-block-column-is-layout-flow\" style=\"flex-basis:41%\">\n<h3 class=\"wp-block-heading\">Services \u2028aux patients<\/h3>\n\n\n\n<div style=\"height:4.5rem\" aria-hidden=\"true\" class=\"wp-block-spacer\"><\/div>\n\n\n\n<p>Un espace de bienveillance pour se recentrer, \u00e9changer et apaiser. Notre mission : offrir un lieu paisible et r\u00e9confortant aux personnes en soins palliatifs ainsi qu\u2019\u00e0 leurs proches aidants. Dans une atmosph\u00e8re chaleureuse, nous proposons des activit\u00e9s de ressourcement favorisant les \u00e9changes entre pairs, pour briser l\u2019isolement, cr\u00e9er des liens, et vivre des moments empreints de douceur et d\u2019humanit\u00e9.<\/p>\n<\/div>\n\n\n\n<div class=\"wp-block-column container_right is-layout-flow wp-block-column-is-layout-flow\" style=\"flex-basis:48%\">\n<figure class=\"wp-block-image size-full image-fixed-animation\"><img loading=\"lazy\" decoding=\"async\" width=\"850\" height=\"922\" src=\"https:\/\/www.mmfs.org\/wp-content\/uploads\/2025\/11\/left_two.png\" alt=\"\" class=\"wp-image-203\" srcset=\"https:\/\/www.mmfs.org\/wp-content\/uploads\/2025\/11\/left_two.png 850w, https:\/\/www.mmfs.org\/wp-content\/uploads\/2025\/11\/left_two-277x300.png 277w, https:\/\/www.mmfs.org\/wp-content\/uploads\/2025\/11\/left_two-768x833.png 768w\" sizes=\"auto, (max-width: 850px) 100vw, 850px\" \/><\/figure>\n<\/div>\n<\/div>\n<\/section>\n\n\n\n<section class=\"wp-block-group alignfull section_bg_image general_padding_special morelong is-layout-flow wp-block-group-is-layout-flow\">\n<div class=\"wp-block-group bg_ss is-layout-constrained wp-block-group-is-layout-constrained\"><\/div>\n\n\n\n<div class=\"wp-block-group content_text is-layout-flow wp-block-group-is-layout-flow\">\n<h4 class=\"wp-block-heading max_width560\">\u00c0 qui s\u2019adressent\u2028nos services?<\/h4>\n\n\n\n<div style=\"height:3rem\" aria-hidden=\"true\" class=\"wp-block-spacer\"><\/div>\n\n\n\n<p style=\"font-style:normal;font-weight:400\">Nos services sont destin\u00e9s aux personnes qui :<\/p>\n\n\n\n<div style=\"height:3rem\" aria-hidden=\"true\" class=\"wp-block-spacer\"><\/div>\n\n\n\n<ul class=\"wp-block-list\">\n<li>ont re\u00e7u un diagnostic de maladie incurable limitant l\u2019esp\u00e9rance de vie;<\/li>\n\n\n\n<li>ne re\u00e7oivent plus de traitements \u00e0 vis\u00e9e curative;<\/li>\n\n\n\n<li>b\u00e9n\u00e9ficient d\u2019une approche palliative int\u00e9gr\u00e9e;<\/li>\n\n\n\n<li>r\u00e9sident dans la r\u00e9gion administrative de l\u2019Outaouais.<\/li>\n<\/ul>\n\n\n\n<div style=\"height:3rem\" aria-hidden=\"true\" class=\"wp-block-spacer\"><\/div>\n\n\n\n<p>Nous accompagnons \u00e9galement les proches aidants de ces personnes, qui ont eux aussi besoin de soutien, d\u2019\u00e9coute et de moments de r\u00e9pit.<\/p>\n<\/div>\n<\/section>\n\n\n\n<section class=\"wp-block-group alignfull bg_ver general_padding_special morelong has-vert-doux-background-color has-background is-layout-flow wp-block-group-is-layout-flow\">\n<h4 class=\"wp-block-heading\">Nos services, pour apaiser le corps et l\u2019esprit<\/h4>\n\n\n\n<div style=\"height:4rem\" aria-hidden=\"true\" class=\"wp-block-spacer\"><\/div>\n\n\n\n<p>Voici un aper\u00e7u de ce que nous offrons dans un environnement accueillant et s\u00e9curitaire :<\/p>\n\n\n\n<div style=\"height:4rem\" aria-hidden=\"true\" class=\"wp-block-spacer\"><\/div>\n\n\n\n<div class=\"wp-block-columns is-layout-flex wp-container-core-columns-is-layout-28f84493 wp-block-columns-is-layout-flex\">\n<div class=\"wp-block-column is-layout-flow wp-block-column-is-layout-flow\" style=\"flex-basis:49%\">\n<div class=\"wp-block-group black_box has-bleu-nuit-background-color has-background is-layout-flow wp-block-group-is-layout-flow\">\n<h5 class=\"wp-block-heading has-vert-doux-color has-text-color has-link-color wp-elements-dcd0192950477a4b911467f429bc252d\">Accompagnement psychosocial et spirituel\u2028\u00e0 domicile<\/h5>\n\n\n\n<div style=\"height:4rem\" aria-hidden=\"true\" class=\"wp-block-spacer\"><\/div>\n\n\n\n<p class=\"has-gris-clair-color has-text-color has-link-color wp-elements-3de0ad1cd0b36b9eff806855449fa856\">Une pr\u00e9sence bienveillante, une \u00e9coute sans jugement. Un moment d\u2019apaisement pour la personne malade comme pour ses proches.<\/p>\n<\/div>\n\n\n\n<div class=\"wp-block-group black_box has-bleu-nuit-background-color has-background is-layout-flow wp-block-group-is-layout-flow\">\n<h5 class=\"wp-block-heading has-vert-doux-color has-text-color has-link-color wp-elements-a9e534cc2170cde7ffbb88f4a4576a0d\">Ressourcement par le corps\u2028et l\u2019art<\/h5>\n\n\n\n<div style=\"height:4rem\" aria-hidden=\"true\" class=\"wp-block-spacer\"><\/div>\n\n\n\n<ul style=\"font-style:italic;font-weight:600\" class=\"wp-block-list has-gris-clair-color has-text-color has-link-color wp-elements-616d16db2f6746630546ecc5dfc553a9\">\n<li>Massoth\u00e9rapie : pour soulager les tensions et retrouver un mieux-\u00eatre physique.<\/li>\n\n\n\n<li>Yoga-th\u00e9rapie et yoga doux : adapt\u00e9s aux besoins et capacit\u00e9s de chacun, pour respirer, se recentrer et bouger en douceur.<\/li>\n\n\n\n<li>Art-th\u00e9rapie et accompagnement par l\u2019art : exprimer l\u2019indicible, transformer l\u2019\u00e9motion par la cr\u00e9ation.<\/li>\n\n\n\n<li>Service d\u2019aide \u00e0 l\u2019\u00e9criture : mettre des mots sur son v\u00e9cu, laisser une trace, raconter son histoire.<\/li>\n<\/ul>\n<\/div>\n<\/div>\n\n\n\n<div class=\"wp-block-column is-layout-flow wp-block-column-is-layout-flow\" style=\"flex-basis:49%\">\n<div class=\"wp-block-group black_box has-bleu-nuit-background-color has-background is-layout-flow wp-block-group-is-layout-flow\">\n<h5 class=\"wp-block-heading has-vert-doux-color has-text-color has-link-color wp-elements-bb1446013798f384f26598186cc9df74\">Groupes de soutien\u2028et de partage<\/h5>\n\n\n\n<div style=\"height:4rem\" aria-hidden=\"true\" class=\"wp-block-spacer\"><\/div>\n\n\n\n<ul style=\"font-style:italic;font-weight:600\" class=\"wp-block-list has-gris-clair-color has-text-color has-link-color wp-elements-79ee5cc13a50a484286f509ede4f486c\">\n<li>Groupe pour les personnes invit\u00e9es<\/li>\n\n\n\n<li>Groupe pour les proches aidants<\/li>\n\n\n\n<li>Groupe de deuil : un espace sensible pour traverser cette p\u00e9riode \u00e0 son rythme, entour\u00e9 de personnes qui comprennent.<\/li>\n<\/ul>\n<\/div>\n\n\n\n<div class=\"wp-block-group black_box has-bleu-nuit-background-color has-background is-layout-flow wp-block-group-is-layout-flow\">\n<h5 class=\"wp-block-heading has-vert-doux-color has-text-color has-link-color wp-elements-15316bdcdc595dfd3ea8550c8c86dcf5\">Rencontres et \u00e9changes<\/h5>\n\n\n\n<div style=\"height:4rem\" aria-hidden=\"true\" class=\"wp-block-spacer\"><\/div>\n\n\n\n<ul style=\"font-style:italic;font-weight:600\" class=\"wp-block-list has-gris-clair-color has-text-color has-link-color wp-elements-4020d2bcd22ac094752560988d615d4c\">\n<li>Caf\u00e9s-rencontres : moments conviviaux pour jaser, tisser des liens, partager un caf\u00e9 et se sentir moins seul.<\/li>\n<\/ul>\n<\/div>\n\n\n\n<div class=\"wp-block-group black_box has-bleu-nuit-background-color has-background is-layout-flow wp-block-group-is-layout-flow\">\n<h5 class=\"wp-block-heading has-vert-doux-color has-text-color has-link-color wp-elements-aa65af91120109ea1c00cba0e3f756d3\">Autres ateliers et activit\u00e9s\u2028de groupe<\/h5>\n\n\n\n<div style=\"height:4rem\" aria-hidden=\"true\" class=\"wp-block-spacer\"><\/div>\n\n\n\n<ul style=\"font-style:italic;font-weight:600\" class=\"wp-block-list has-gris-clair-color has-text-color has-link-color wp-elements-e0f20a7729cfde91b3672261588e343d\">\n<li>moments de partage, d\u2019apprentissages et de ressourcement dans un cadre humain et respectueux.<\/li>\n<\/ul>\n<\/div>\n<\/div>\n<\/div>\n<\/section>\n\n\n\n<section class=\"wp-block-group alignfull image_top_centre_v2 general_padding_small is-layout-flow wp-block-group-is-layout-flow\">\n<figure class=\"wp-block-image size-large animation_cibizer\"><img loading=\"lazy\" decoding=\"async\" width=\"1024\" height=\"372\" src=\"https:\/\/www.mmfs.org\/wp-content\/uploads\/2025\/11\/image_content-1024x372.png\" alt=\"\" class=\"wp-image-376\" srcset=\"https:\/\/www.mmfs.org\/wp-content\/uploads\/2025\/11\/image_content-1024x372.png 1024w, https:\/\/www.mmfs.org\/wp-content\/uploads\/2025\/11\/image_content-300x109.png 300w, https:\/\/www.mmfs.org\/wp-content\/uploads\/2025\/11\/image_content-768x279.png 768w, https:\/\/www.mmfs.org\/wp-content\/uploads\/2025\/11\/image_content-1536x558.png 1536w, https:\/\/www.mmfs.org\/wp-content\/uploads\/2025\/11\/image_content.png 1720w\" sizes=\"auto, (max-width: 1024px) 100vw, 1024px\" \/><\/figure>\n\n\n\n<div style=\"height:12rem\" aria-hidden=\"true\" class=\"wp-block-spacer special_size\"><\/div>\n\n\n\n<div class=\"wp-block-group wrapper_text padding_x is-layout-flow wp-block-group-is-layout-flow\">\n<h4 class=\"wp-block-heading\">Mission et valeurs<\/h4>\n\n\n\n<div style=\"height:4rem\" aria-hidden=\"true\" class=\"wp-block-spacer\"><\/div>\n\n\n\n<p>Nous sommes l\u00e0 pour vous accompagner, avec respect et douceur, \u00e0 votre rythme.<\/p>\n\n\n\n<div style=\"height:4rem\" aria-hidden=\"true\" class=\"wp-block-spacer\"><\/div>\n\n\n\n<p>Contactez :<\/p>\n\n\n\n<p style=\"font-style:normal;font-weight:800\">Martin Perron<\/p>\n\n\n\n<p>Coordonnateur du service de l\u2019accompagnement<\/p>\n\n\n\n<p><a href=\"tel:8197703900\">819-770-3900<\/a> poste 229<\/p>\n\n\n\n<p><a href=\"mailto:accomp@mmfs.org\">accomp@mmfs.org<\/a><\/p>\n\n\n\n<div style=\"height:6rem\" aria-hidden=\"true\" class=\"wp-block-spacer\"><\/div>\n<\/div>\n<\/section>\n","protected":false},"excerpt":{"rendered":"<p>Services et soins Services \u2028aux patients Services \u2028aux patients Un espace de bienveillance pour se recentrer, \u00e9changer et apaiser. Notre mission : offrir un lieu paisible et r\u00e9confortant aux personnes en soins palliatifs ainsi qu\u2019\u00e0 leurs proches aidants. Dans une atmosph\u00e8re chaleureuse, nous proposons des activit\u00e9s de ressourcement favorisant les \u00e9changes entre pairs, pour briser [&hellip;]<\/p>\n","protected":false},"author":1,"featured_media":0,"parent":0,"menu_order":0,"comment_status":"closed","ping_status":"closed","template":"","meta":{"_acf_changed":false,"inline_featured_image":false,"footnotes":""},"class_list":["post-998","page","type-page","status-publish","hentry"],"acf":[],"yoast_head":"<!-- This site is optimized with the Yoast SEO plugin v27.3 - https:\/\/yoast.com\/product\/yoast-seo-wordpress\/ -->\n<title>Patient Services | Maison et Fondation Mathieu Froment-Savoie | Accompagnement aux personnes en fin de vie<\/title>\n<meta name=\"robots\" content=\"index, follow, max-snippet:-1, max-image-preview:large, max-video-preview:-1\" \/>\n<link rel=\"canonical\" href=\"https:\/\/www.mmfs.org\/en\/patient-services\/\" \/>\n<meta property=\"og:locale\" content=\"en_US\" \/>\n<meta property=\"og:type\" content=\"article\" \/>\n<meta property=\"og:title\" content=\"Patient Services | Maison et Fondation Mathieu Froment-Savoie | Accompagnement aux personnes en fin de vie\" \/>\n<meta property=\"og:description\" content=\"Services et soins Services \u2028aux patients Services \u2028aux patients Un espace de bienveillance pour se recentrer, \u00e9changer et apaiser. Notre mission : offrir un lieu paisible et r\u00e9confortant aux personnes en soins palliatifs ainsi qu\u2019\u00e0 leurs proches aidants. Dans une atmosph\u00e8re chaleureuse, nous proposons des activit\u00e9s de ressourcement favorisant les \u00e9changes entre pairs, pour briser [&hellip;]\" \/>\n<meta property=\"og:url\" content=\"https:\/\/www.mmfs.org\/en\/patient-services\/\" \/>\n<meta property=\"og:site_name\" content=\"Maison et Fondation Mathieu Froment-Savoie | Accompagnement aux personnes en fin de vie\" \/>\n<meta property=\"article:publisher\" content=\"https:\/\/www.facebook.com\/maisonmfs\/\" \/>\n<meta property=\"article:modified_time\" content=\"2025-11-28T22:47:10+00:00\" \/>\n<meta property=\"og:image\" content=\"https:\/\/www.mmfs.org\/wp-content\/uploads\/2025\/11\/family-1024x576.png\" \/>\n<meta name=\"twitter:card\" content=\"summary_large_image\" \/>\n<meta name=\"twitter:label1\" content=\"Est. reading time\" \/>\n\t<meta name=\"twitter:data1\" content=\"3 minutes\" \/>\n<script type=\"application\/ld+json\" class=\"yoast-schema-graph\">{\"@context\":\"https:\\\/\\\/schema.org\",\"@graph\":[{\"@type\":\"WebPage\",\"@id\":\"https:\\\/\\\/www.mmfs.org\\\/en\\\/patient-services\\\/\",\"url\":\"https:\\\/\\\/www.mmfs.org\\\/en\\\/patient-services\\\/\",\"name\":\"Patient Services | Maison et Fondation Mathieu Froment-Savoie | Accompagnement aux personnes en fin de vie\",\"isPartOf\":{\"@id\":\"https:\\\/\\\/www.mmfs.org\\\/en\\\/#website\"},\"primaryImageOfPage\":{\"@id\":\"https:\\\/\\\/www.mmfs.org\\\/en\\\/patient-services\\\/#primaryimage\"},\"image\":{\"@id\":\"https:\\\/\\\/www.mmfs.org\\\/en\\\/patient-services\\\/#primaryimage\"},\"thumbnailUrl\":\"https:\\\/\\\/www.mmfs.org\\\/wp-content\\\/uploads\\\/2025\\\/11\\\/family-1024x576.png\",\"datePublished\":\"2025-11-05T21:45:22+00:00\",\"dateModified\":\"2025-11-28T22:47:10+00:00\",\"breadcrumb\":{\"@id\":\"https:\\\/\\\/www.mmfs.org\\\/en\\\/patient-services\\\/#breadcrumb\"},\"inLanguage\":\"en-US\",\"potentialAction\":[{\"@type\":\"ReadAction\",\"target\":[\"https:\\\/\\\/www.mmfs.org\\\/en\\\/patient-services\\\/\"]}]},{\"@type\":\"ImageObject\",\"inLanguage\":\"en-US\",\"@id\":\"https:\\\/\\\/www.mmfs.org\\\/en\\\/patient-services\\\/#primaryimage\",\"url\":\"https:\\\/\\\/www.mmfs.org\\\/wp-content\\\/uploads\\\/2025\\\/11\\\/family-1024x576.png\",\"contentUrl\":\"https:\\\/\\\/www.mmfs.org\\\/wp-content\\\/uploads\\\/2025\\\/11\\\/family-1024x576.png\"},{\"@type\":\"BreadcrumbList\",\"@id\":\"https:\\\/\\\/www.mmfs.org\\\/en\\\/patient-services\\\/#breadcrumb\",\"itemListElement\":[{\"@type\":\"ListItem\",\"position\":1,\"name\":\"Accueil\",\"item\":\"https:\\\/\\\/www.mmfs.org\\\/en\\\/\"},{\"@type\":\"ListItem\",\"position\":2,\"name\":\"Patient Services\"}]},{\"@type\":\"WebSite\",\"@id\":\"https:\\\/\\\/www.mmfs.org\\\/en\\\/#website\",\"url\":\"https:\\\/\\\/www.mmfs.org\\\/en\\\/\",\"name\":\"Maison et Fondation Mathieu Froment-Savoie | Accompagnement aux personnes en fin de vie\",\"description\":\"\",\"publisher\":{\"@id\":\"https:\\\/\\\/www.mmfs.org\\\/en\\\/#organization\"},\"potentialAction\":[{\"@type\":\"SearchAction\",\"target\":{\"@type\":\"EntryPoint\",\"urlTemplate\":\"https:\\\/\\\/www.mmfs.org\\\/en\\\/?s={search_term_string}\"},\"query-input\":{\"@type\":\"PropertyValueSpecification\",\"valueRequired\":true,\"valueName\":\"search_term_string\"}}],\"inLanguage\":\"en-US\"},{\"@type\":\"Organization\",\"@id\":\"https:\\\/\\\/www.mmfs.org\\\/en\\\/#organization\",\"name\":\"Maison Mathieu Froment-Savoie\",\"url\":\"https:\\\/\\\/www.mmfs.org\\\/en\\\/\",\"logo\":{\"@type\":\"ImageObject\",\"inLanguage\":\"en-US\",\"@id\":\"https:\\\/\\\/www.mmfs.org\\\/en\\\/#\\\/schema\\\/logo\\\/image\\\/\",\"url\":\"https:\\\/\\\/www.mmfs.org\\\/wp-content\\\/uploads\\\/2025\\\/11\\\/logommfs.svg\",\"contentUrl\":\"https:\\\/\\\/www.mmfs.org\\\/wp-content\\\/uploads\\\/2025\\\/11\\\/logommfs.svg\",\"width\":204,\"height\":83,\"caption\":\"Maison Mathieu Froment-Savoie\"},\"image\":{\"@id\":\"https:\\\/\\\/www.mmfs.org\\\/en\\\/#\\\/schema\\\/logo\\\/image\\\/\"},\"sameAs\":[\"https:\\\/\\\/www.facebook.com\\\/maisonmfs\\\/\",\"https:\\\/\\\/www.instagram.com\\\/maisonmathieufromentsavoie\"]}]}<\/script>\n<!-- \/ Yoast SEO plugin. -->","yoast_head_json":{"title":"Patient Services | Maison et Fondation Mathieu Froment-Savoie | Accompagnement aux personnes en fin de vie","robots":{"index":"index","follow":"follow","max-snippet":"max-snippet:-1","max-image-preview":"max-image-preview:large","max-video-preview":"max-video-preview:-1"},"canonical":"https:\/\/www.mmfs.org\/en\/patient-services\/","og_locale":"en_US","og_type":"article","og_title":"Patient Services | Maison et Fondation Mathieu Froment-Savoie | Accompagnement aux personnes en fin de vie","og_description":"Services et soins Services \u2028aux patients Services \u2028aux patients Un espace de bienveillance pour se recentrer, \u00e9changer et apaiser. Notre mission : offrir un lieu paisible et r\u00e9confortant aux personnes en soins palliatifs ainsi qu\u2019\u00e0 leurs proches aidants. Dans une atmosph\u00e8re chaleureuse, nous proposons des activit\u00e9s de ressourcement favorisant les \u00e9changes entre pairs, pour briser [&hellip;]","og_url":"https:\/\/www.mmfs.org\/en\/patient-services\/","og_site_name":"Maison et Fondation Mathieu Froment-Savoie | Accompagnement aux personnes en fin de vie","article_publisher":"https:\/\/www.facebook.com\/maisonmfs\/","article_modified_time":"2025-11-28T22:47:10+00:00","og_image":[{"url":"https:\/\/www.mmfs.org\/wp-content\/uploads\/2025\/11\/family-1024x576.png","type":"","width":"","height":""}],"twitter_card":"summary_large_image","twitter_misc":{"Est. reading time":"3 minutes"},"schema":{"@context":"https:\/\/schema.org","@graph":[{"@type":"WebPage","@id":"https:\/\/www.mmfs.org\/en\/patient-services\/","url":"https:\/\/www.mmfs.org\/en\/patient-services\/","name":"Patient Services | Maison et Fondation Mathieu Froment-Savoie | Accompagnement aux personnes en fin de vie","isPartOf":{"@id":"https:\/\/www.mmfs.org\/en\/#website"},"primaryImageOfPage":{"@id":"https:\/\/www.mmfs.org\/en\/patient-services\/#primaryimage"},"image":{"@id":"https:\/\/www.mmfs.org\/en\/patient-services\/#primaryimage"},"thumbnailUrl":"https:\/\/www.mmfs.org\/wp-content\/uploads\/2025\/11\/family-1024x576.png","datePublished":"2025-11-05T21:45:22+00:00","dateModified":"2025-11-28T22:47:10+00:00","breadcrumb":{"@id":"https:\/\/www.mmfs.org\/en\/patient-services\/#breadcrumb"},"inLanguage":"en-US","potentialAction":[{"@type":"ReadAction","target":["https:\/\/www.mmfs.org\/en\/patient-services\/"]}]},{"@type":"ImageObject","inLanguage":"en-US","@id":"https:\/\/www.mmfs.org\/en\/patient-services\/#primaryimage","url":"https:\/\/www.mmfs.org\/wp-content\/uploads\/2025\/11\/family-1024x576.png","contentUrl":"https:\/\/www.mmfs.org\/wp-content\/uploads\/2025\/11\/family-1024x576.png"},{"@type":"BreadcrumbList","@id":"https:\/\/www.mmfs.org\/en\/patient-services\/#breadcrumb","itemListElement":[{"@type":"ListItem","position":1,"name":"Accueil","item":"https:\/\/www.mmfs.org\/en\/"},{"@type":"ListItem","position":2,"name":"Patient Services"}]},{"@type":"WebSite","@id":"https:\/\/www.mmfs.org\/en\/#website","url":"https:\/\/www.mmfs.org\/en\/","name":"Maison et Fondation Mathieu Froment-Savoie | Accompagnement aux personnes en fin de vie","description":"","publisher":{"@id":"https:\/\/www.mmfs.org\/en\/#organization"},"potentialAction":[{"@type":"SearchAction","target":{"@type":"EntryPoint","urlTemplate":"https:\/\/www.mmfs.org\/en\/?s={search_term_string}"},"query-input":{"@type":"PropertyValueSpecification","valueRequired":true,"valueName":"search_term_string"}}],"inLanguage":"en-US"},{"@type":"Organization","@id":"https:\/\/www.mmfs.org\/en\/#organization","name":"Maison Mathieu Froment-Savoie","url":"https:\/\/www.mmfs.org\/en\/","logo":{"@type":"ImageObject","inLanguage":"en-US","@id":"https:\/\/www.mmfs.org\/en\/#\/schema\/logo\/image\/","url":"https:\/\/www.mmfs.org\/wp-content\/uploads\/2025\/11\/logommfs.svg","contentUrl":"https:\/\/www.mmfs.org\/wp-content\/uploads\/2025\/11\/logommfs.svg","width":204,"height":83,"caption":"Maison Mathieu Froment-Savoie"},"image":{"@id":"https:\/\/www.mmfs.org\/en\/#\/schema\/logo\/image\/"},"sameAs":["https:\/\/www.facebook.com\/maisonmfs\/","https:\/\/www.instagram.com\/maisonmathieufromentsavoie"]}]}},"_links":{"self":[{"href":"https:\/\/www.mmfs.org\/en\/wp-json\/wp\/v2\/pages\/998","targetHints":{"allow":["GET"]}}],"collection":[{"href":"https:\/\/www.mmfs.org\/en\/wp-json\/wp\/v2\/pages"}],"about":[{"href":"https:\/\/www.mmfs.org\/en\/wp-json\/wp\/v2\/types\/page"}],"author":[{"embeddable":true,"href":"https:\/\/www.mmfs.org\/en\/wp-json\/wp\/v2\/users\/1"}],"replies":[{"embeddable":true,"href":"https:\/\/www.mmfs.org\/en\/wp-json\/wp\/v2\/comments?post=998"}],"version-history":[{"count":0,"href":"https:\/\/www.mmfs.org\/en\/wp-json\/wp\/v2\/pages\/998\/revisions"}],"wp:attachment":[{"href":"https:\/\/www.mmfs.org\/en\/wp-json\/wp\/v2\/media?parent=998"}],"curies":[{"name":"wp","href":"https:\/\/api.w.org\/{rel}","templated":true}]}}