{"id":996,"date":"2025-11-04T23:28:59","date_gmt":"2025-11-04T23:28:59","guid":{"rendered":"https:\/\/mmfs.local\/nouvelles\/"},"modified":"2026-04-22T21:02:37","modified_gmt":"2026-04-22T21:02:37","slug":"news","status":"publish","type":"page","link":"https:\/\/www.mmfs.org\/en\/news\/","title":{"rendered":"News"},"content":{"rendered":"\n<section class=\"wp-block-group alignfull dark general_padding hero-banner-small is-layout-flow wp-block-group-is-layout-flow\">\n<figure class=\"wp-block-image size-full overlay-bg image-fixed-animation\"><img loading=\"lazy\" decoding=\"async\" width=\"1720\" height=\"625\" src=\"https:\/\/mmfs.local\/wp-content\/uploads\/2025\/12\/MMFS_Photo_Bannner_12.jpg\" alt=\"\" class=\"wp-image-1070\" srcset=\"https:\/\/www.mmfs.org\/wp-content\/uploads\/2025\/12\/MMFS_Photo_Bannner_12.jpg 1720w, https:\/\/www.mmfs.org\/wp-content\/uploads\/2025\/12\/MMFS_Photo_Bannner_12-300x109.jpg 300w, https:\/\/www.mmfs.org\/wp-content\/uploads\/2025\/12\/MMFS_Photo_Bannner_12-1024x372.jpg 1024w, https:\/\/www.mmfs.org\/wp-content\/uploads\/2025\/12\/MMFS_Photo_Bannner_12-768x279.jpg 768w, https:\/\/www.mmfs.org\/wp-content\/uploads\/2025\/12\/MMFS_Photo_Bannner_12-1536x558.jpg 1536w\" sizes=\"auto, (max-width: 1720px) 100vw, 1720px\" \/><\/figure>\n\n\n\n<figure class=\"wp-block-video overlay-bg image-fixed-animation d-none\"><\/figure>\n\n\n\n<div class=\"overlay_effect\" style=\"background-color: rgba(38, 41, 51, 0.6);\">\n<\/div>\n\n\n<div class=\"wp-block-group alignfull content_text_hero is-layout-flow wp-block-group-is-layout-flow\">\n<p>News<\/p>\n\n\n\n<div style=\"height:1.4rem\" aria-hidden=\"true\" class=\"wp-block-spacer\"><\/div>\n\n\n\n<h2 class=\"wp-block-heading has-text-align-left has-custom-blanc-color has-text-color has-link-color wp-elements-f13ef44dcb718aec430f8ad4dbe5daef\" id=\"dynamicTitle\" style=\"font-style:normal;font-weight:600;text-transform:none\">Stay tuned!<\/h2>\n<\/div>\n<\/section>\n\n<section class=\"wp-block-group alignfull nouvelles general_padding_special morelong is-layout-flow wp-block-group-is-layout-flow\">\n<h3 class=\"wp-block-heading\">Discover the new<br\/>of the House and Foundation<\/h3>\n\n\n\n<div style=\"height:5rem\" aria-hidden=\"true\" class=\"wp-block-spacer\"><\/div>\n\n\n\n<p>Keep up to date with activities, initiatives and highlights from the Maison Mathieu-Froment-Savoie and its Foundation.<br\/>Through these news items, we share our commitment, our projects and the actions that support our mission with the individuals and families we support.<\/p>\n\n\n\n<div style=\"height:5rem\" aria-hidden=\"true\" class=\"wp-block-spacer\"><\/div>\n\n\n<div class=\"nouvelles_complet\">\n    <div class=\"content_grid\">\n        <div class=\"dropdowns\" id=\"blogue_category\" data-tax=\"blogue_category\">\n            <button id=\"openDropdown\" class=\"flex\">\n                <span class=\"current\">Filter News<\/span>\n                <svg width=\"12\" height=\"14\" viewBox=\"0 0 12 14\" fill=\"none\" xmlns=\"http:\/\/www.w3.org\/2000\/svg\">\n                    <path\n                        d=\"M6.63672 12.8906L6.63672 13L6.53027 13L5.89355 13.6465L-3.3458e-07 7.6543L0.787109 7.16113L5.63672 12.0928L5.63672 -2.68842e-07L6.63672 -2.25131e-07L6.63672 11.5977L11 7.16113L11.7871 7.6543L6.63672 12.8906Z\"\n                        fill=\"#D9D9D9\" \/>\n                <\/svg>\n\n            <\/button>\n            <div class=\"dropdownItself\">\n                <div class=\"eachDropdown\" data-id=\"\">All News<\/div>\n                                <div class=\"eachDropdown\" data-id=\"8\">Maison<\/div>\n                                <div class=\"eachDropdown\" data-id=\"9\">Fondation<\/div>\n                            <\/div>\n        <\/div>\n    <\/div>\n        <div class=\"nouvelle_container\">\n        \n<div class=\"single-news animate\">\n    <div class=\"top\">\n        <div class=\"bg_ssimg\"><\/div>\n                <img decoding=\"async\" src=\"https:\/\/www.mmfs.org\/wp-content\/uploads\/2026\/04\/Merci-a-notre-communaute-website-3.png\" alt=\"Portrait de notre communaut\u00e9 &#8211; Paule\" \/>\n            <\/div>\n\n    <div class=\"bottom\">\n        <div class=\"bg_ss\"><\/div>\n\n                <span class=\"post-category\" style=\"color: #82A082;\">\n            Maison        <\/span>\n        \n        <h5 class=\"post-title\">Portrait de notre communaut\u00e9 &#8211; Paule<\/h5>\n\n        <div class=\"post-excerpt\">\n            Ce mois-ci, nous souhaitons mettre en lumi\u00e8re l&#8217;engagement remarquable de Paule, b\u00e9n\u00e9vole \u00e0 la Maison depuis 2010. \n\nGr\u00e2ce \u00e0 sa pr\u00e9sence attentionn\u00e9e, son \u00e9coute et sa bienveillance, Paule joue un r\u00f4le essentiel aupr\u00e8s des personnes en fin de vie et  leurs proches. Son soutien constant \u00e0 l&#8217;\u00e9quipe soignante fait d&#8217;elle une b\u00e9n\u00e9vole appr\u00e9ci\u00e9e et une ressource pr\u00e9cieuse pour notre communaut\u00e9.         <\/div>\n\n        <div\n            class=\"wp-block-buttons slider_button is-layout-flex wp-block-buttons-is-layout-flex maison\">\n            <div class=\"wp-block-button\">\n                <a class=\"wp-block-button__link wp-element-button\" href=\"https:\/\/www.mmfs.org\/en\/nouvelles\/portrait-de-notre-communaute-paule\/\">\n                    Read more of the article                <\/a>\n            <\/div>\n        <\/div>\n    <\/div>\n<\/div>\n\n\n<div class=\"single-news animate\">\n    <div class=\"top\">\n        <div class=\"bg_ssimg\"><\/div>\n                <img decoding=\"async\" src=\"https:\/\/www.mmfs.org\/wp-content\/uploads\/2026\/03\/Au-profit-de-la-5.png\" alt=\"Le tournoi de golf Swing pour la cause, organis\u00e9 par Gestalt est de retour !\" \/>\n            <\/div>\n\n    <div class=\"bottom\">\n        <div class=\"bg_ss\"><\/div>\n\n                <span class=\"post-category\" style=\"color: #779DD2;\">\n            Fondation        <\/span>\n        \n        <h5 class=\"post-title\">Le tournoi de golf Swing pour la cause, organis\u00e9 par Gestalt est de retour !<\/h5>\n\n        <div class=\"post-excerpt\">\n            L&#8217;\u00e9dition 2026 du tournoi de golf de Gestalt Groupe Financier, un \u00e9v\u00e9nement de la communaut\u00e9 au profit de la Fondation Mathieu Froment -Savoie, aura lieu le vendredi 3 juillet au club des Hautes Plaines \u00e0 Gatineau.        <\/div>\n\n        <div\n            class=\"wp-block-buttons slider_button is-layout-flex wp-block-buttons-is-layout-flex fondation\">\n            <div class=\"wp-block-button\">\n                <a class=\"wp-block-button__link wp-element-button\" href=\"https:\/\/www.mmfs.org\/en\/nouvelles\/le-tournoi-de-golf-swing-pour-la-cause-organise-par-gestalt-est-de-retour\/\">\n                    Read more of the article                <\/a>\n            <\/div>\n        <\/div>\n    <\/div>\n<\/div>\n\n\n<div class=\"single-news animate\">\n    <div class=\"top\">\n        <div class=\"bg_ssimg\"><\/div>\n                <img decoding=\"async\" src=\"https:\/\/www.mmfs.org\/wp-content\/uploads\/2026\/03\/Sans-titre-1200-x-400-px-1.png\" alt=\"Un grand merci aux Caisses Desjardins de l&#8217;Outaouais !\" \/>\n            <\/div>\n\n    <div class=\"bottom\">\n        <div class=\"bg_ss\"><\/div>\n\n                <span class=\"post-category\" style=\"color: #779DD2;\">\n            Fondation        <\/span>\n        \n        <h5 class=\"post-title\">Un grand merci aux Caisses Desjardins de l&#8217;Outaouais !<\/h5>\n\n        <div class=\"post-excerpt\">\n            Une salle de formation enti\u00e8rement r\u00e9nov\u00e9e gr\u00e2ce au soutien des Caisses Desjardins de l&#8217;Outaouais.         <\/div>\n\n        <div\n            class=\"wp-block-buttons slider_button is-layout-flex wp-block-buttons-is-layout-flex fondation\">\n            <div class=\"wp-block-button\">\n                <a class=\"wp-block-button__link wp-element-button\" href=\"https:\/\/www.mmfs.org\/en\/nouvelles\/un-grand-merci-aux-caisses-desjardins-de-loutaouais\/\">\n                    Read more of the article                <\/a>\n            <\/div>\n        <\/div>\n    <\/div>\n<\/div>\n\n\n<div class=\"single-news animate\">\n    <div class=\"top\">\n        <div class=\"bg_ssimg\"><\/div>\n                <img decoding=\"async\" src=\"https:\/\/www.mmfs.org\/wp-content\/uploads\/2026\/03\/Photo-section-nouvelle-Merci-Enbridge-Gaz-Quebec.png\" alt=\"Un immense merci \u00e0 Enbridge Gaz Qu\u00e9bec !\" \/>\n            <\/div>\n\n    <div class=\"bottom\">\n        <div class=\"bg_ss\"><\/div>\n\n                <span class=\"post-category\" style=\"color: #779DD2;\">\n            Fondation        <\/span>\n        \n        <h5 class=\"post-title\">Un immense merci \u00e0 Enbridge Gaz Qu\u00e9bec !<\/h5>\n\n        <div class=\"post-excerpt\">\n            Enbridge Gaz Qu\u00e9bec soutient la Fondation Mathieu Froment-Savoie gr\u00e2ce \u00e0 un don de 7 000 $.         <\/div>\n\n        <div\n            class=\"wp-block-buttons slider_button is-layout-flex wp-block-buttons-is-layout-flex fondation\">\n            <div class=\"wp-block-button\">\n                <a class=\"wp-block-button__link wp-element-button\" href=\"https:\/\/www.mmfs.org\/en\/nouvelles\/un-immense-merci-a-enbridge-gaz-quebec\/\">\n                    Read more of the article                <\/a>\n            <\/div>\n        <\/div>\n    <\/div>\n<\/div>\n\n    <\/div>\n<\/div>\n<\/section>\n","protected":false},"excerpt":{"rendered":"<p>News Stay tuned! Discover the newof the House and Foundation Keep up to date with activities, initiatives and highlights from the Maison Mathieu-Froment-Savoie and its Foundation.Through these news items, we share our commitment, our projects and the actions that support our mission with the individuals and families we support.<\/p>\n","protected":false},"author":1,"featured_media":0,"parent":0,"menu_order":0,"comment_status":"closed","ping_status":"closed","template":"","meta":{"_acf_changed":false,"inline_featured_image":false,"footnotes":""},"class_list":["post-996","page","type-page","status-publish","hentry"],"acf":[],"yoast_head":"<!-- This site is optimized with the Yoast SEO plugin v27.4 - https:\/\/yoast.com\/product\/yoast-seo-wordpress\/ -->\n<title>News | Maison et Fondation Mathieu Froment-Savoie | Accompanying people at the end of life<\/title>\n<meta name=\"robots\" content=\"index, follow, max-snippet:-1, max-image-preview:large, max-video-preview:-1\" \/>\n<link rel=\"canonical\" href=\"https:\/\/www.mmfs.org\/en\/news\/\" \/>\n<meta property=\"og:locale\" content=\"en_US\" \/>\n<meta property=\"og:type\" content=\"article\" \/>\n<meta property=\"og:title\" content=\"News | Maison et Fondation Mathieu Froment-Savoie | Accompanying people at the end of life\" \/>\n<meta property=\"og:description\" content=\"News Stay tuned! Discover the newof the House and Foundation Keep up to date with activities, initiatives and highlights from the Maison Mathieu-Froment-Savoie and its Foundation.Through these news items, we share our commitment, our projects and the actions that support our mission with the individuals and families we support.\" \/>\n<meta property=\"og:url\" content=\"https:\/\/www.mmfs.org\/en\/news\/\" \/>\n<meta property=\"og:site_name\" content=\"Maison et Fondation Mathieu Froment-Savoie | Accompanying people at the end of life\" \/>\n<meta property=\"article:publisher\" content=\"https:\/\/www.facebook.com\/maisonmfs\/\" \/>\n<meta property=\"article:modified_time\" content=\"2026-04-22T21:02:37+00:00\" \/>\n<meta property=\"og:image\" content=\"https:\/\/mmfs.local\/wp-content\/uploads\/2025\/12\/MMFS_Photo_Bannner_12.jpg\" \/>\n<meta name=\"twitter:card\" content=\"summary_large_image\" \/>\n<meta name=\"twitter:label1\" content=\"Est. reading time\" \/>\n\t<meta name=\"twitter:data1\" content=\"1 minute\" \/>\n<script type=\"application\/ld+json\" class=\"yoast-schema-graph\">{\"@context\":\"https:\\\/\\\/schema.org\",\"@graph\":[{\"@type\":\"WebPage\",\"@id\":\"https:\\\/\\\/www.mmfs.org\\\/en\\\/news\\\/\",\"url\":\"https:\\\/\\\/www.mmfs.org\\\/en\\\/news\\\/\",\"name\":\"News | Maison et Fondation Mathieu Froment-Savoie | Accompanying people at the end of life\",\"isPartOf\":{\"@id\":\"https:\\\/\\\/www.mmfs.org\\\/en\\\/#website\"},\"primaryImageOfPage\":{\"@id\":\"https:\\\/\\\/www.mmfs.org\\\/en\\\/news\\\/#primaryimage\"},\"image\":{\"@id\":\"https:\\\/\\\/www.mmfs.org\\\/en\\\/news\\\/#primaryimage\"},\"thumbnailUrl\":\"https:\\\/\\\/mmfs.local\\\/wp-content\\\/uploads\\\/2025\\\/12\\\/MMFS_Photo_Bannner_12.jpg\",\"datePublished\":\"2025-11-04T23:28:59+00:00\",\"dateModified\":\"2026-04-22T21:02:37+00:00\",\"breadcrumb\":{\"@id\":\"https:\\\/\\\/www.mmfs.org\\\/en\\\/news\\\/#breadcrumb\"},\"inLanguage\":\"en-US\",\"potentialAction\":[{\"@type\":\"ReadAction\",\"target\":[\"https:\\\/\\\/www.mmfs.org\\\/en\\\/news\\\/\"]}]},{\"@type\":\"ImageObject\",\"inLanguage\":\"en-US\",\"@id\":\"https:\\\/\\\/www.mmfs.org\\\/en\\\/news\\\/#primaryimage\",\"url\":\"https:\\\/\\\/mmfs.local\\\/wp-content\\\/uploads\\\/2025\\\/12\\\/MMFS_Photo_Bannner_12.jpg\",\"contentUrl\":\"https:\\\/\\\/mmfs.local\\\/wp-content\\\/uploads\\\/2025\\\/12\\\/MMFS_Photo_Bannner_12.jpg\"},{\"@type\":\"BreadcrumbList\",\"@id\":\"https:\\\/\\\/www.mmfs.org\\\/en\\\/news\\\/#breadcrumb\",\"itemListElement\":[{\"@type\":\"ListItem\",\"position\":1,\"name\":\"Home\",\"item\":\"https:\\\/\\\/www.mmfs.org\\\/en\\\/\"},{\"@type\":\"ListItem\",\"position\":2,\"name\":\"News\"}]},{\"@type\":\"WebSite\",\"@id\":\"https:\\\/\\\/www.mmfs.org\\\/en\\\/#website\",\"url\":\"https:\\\/\\\/www.mmfs.org\\\/en\\\/\",\"name\":\"Maison et Fondation Mathieu Froment-Savoie | Accompagnement aux personnes en fin de vie\",\"description\":\"\",\"publisher\":{\"@id\":\"https:\\\/\\\/www.mmfs.org\\\/en\\\/#organization\"},\"potentialAction\":[{\"@type\":\"SearchAction\",\"target\":{\"@type\":\"EntryPoint\",\"urlTemplate\":\"https:\\\/\\\/www.mmfs.org\\\/en\\\/?s={search_term_string}\"},\"query-input\":{\"@type\":\"PropertyValueSpecification\",\"valueRequired\":true,\"valueName\":\"search_term_string\"}}],\"inLanguage\":\"en-US\"},{\"@type\":\"Organization\",\"@id\":\"https:\\\/\\\/www.mmfs.org\\\/en\\\/#organization\",\"name\":\"Maison Mathieu Froment-Savoie\",\"url\":\"https:\\\/\\\/www.mmfs.org\\\/en\\\/\",\"logo\":{\"@type\":\"ImageObject\",\"inLanguage\":\"en-US\",\"@id\":\"https:\\\/\\\/www.mmfs.org\\\/en\\\/#\\\/schema\\\/logo\\\/image\\\/\",\"url\":\"https:\\\/\\\/www.mmfs.org\\\/wp-content\\\/uploads\\\/2025\\\/11\\\/logommfs.svg\",\"contentUrl\":\"https:\\\/\\\/www.mmfs.org\\\/wp-content\\\/uploads\\\/2025\\\/11\\\/logommfs.svg\",\"width\":204,\"height\":83,\"caption\":\"Maison Mathieu Froment-Savoie\"},\"image\":{\"@id\":\"https:\\\/\\\/www.mmfs.org\\\/en\\\/#\\\/schema\\\/logo\\\/image\\\/\"},\"sameAs\":[\"https:\\\/\\\/www.facebook.com\\\/maisonmfs\\\/\",\"https:\\\/\\\/www.instagram.com\\\/maisonmathieufromentsavoie\"]}]}<\/script>\n<!-- \/ Yoast SEO plugin. -->","yoast_head_json":{"title":"News | Maison et Fondation Mathieu Froment-Savoie | Accompanying people at the end of life","robots":{"index":"index","follow":"follow","max-snippet":"max-snippet:-1","max-image-preview":"max-image-preview:large","max-video-preview":"max-video-preview:-1"},"canonical":"https:\/\/www.mmfs.org\/en\/news\/","og_locale":"en_US","og_type":"article","og_title":"News | Maison et Fondation Mathieu Froment-Savoie | Accompanying people at the end of life","og_description":"News Stay tuned! Discover the newof the House and Foundation Keep up to date with activities, initiatives and highlights from the Maison Mathieu-Froment-Savoie and its Foundation.Through these news items, we share our commitment, our projects and the actions that support our mission with the individuals and families we support.","og_url":"https:\/\/www.mmfs.org\/en\/news\/","og_site_name":"Maison et Fondation Mathieu Froment-Savoie | Accompanying people at the end of life","article_publisher":"https:\/\/www.facebook.com\/maisonmfs\/","article_modified_time":"2026-04-22T21:02:37+00:00","og_image":[{"url":"https:\/\/mmfs.local\/wp-content\/uploads\/2025\/12\/MMFS_Photo_Bannner_12.jpg","type":"","width":"","height":""}],"twitter_card":"summary_large_image","twitter_misc":{"Est. reading time":"1 minute"},"schema":{"@context":"https:\/\/schema.org","@graph":[{"@type":"WebPage","@id":"https:\/\/www.mmfs.org\/en\/news\/","url":"https:\/\/www.mmfs.org\/en\/news\/","name":"News | Maison et Fondation Mathieu Froment-Savoie | Accompanying people at the end of life","isPartOf":{"@id":"https:\/\/www.mmfs.org\/en\/#website"},"primaryImageOfPage":{"@id":"https:\/\/www.mmfs.org\/en\/news\/#primaryimage"},"image":{"@id":"https:\/\/www.mmfs.org\/en\/news\/#primaryimage"},"thumbnailUrl":"https:\/\/mmfs.local\/wp-content\/uploads\/2025\/12\/MMFS_Photo_Bannner_12.jpg","datePublished":"2025-11-04T23:28:59+00:00","dateModified":"2026-04-22T21:02:37+00:00","breadcrumb":{"@id":"https:\/\/www.mmfs.org\/en\/news\/#breadcrumb"},"inLanguage":"en-US","potentialAction":[{"@type":"ReadAction","target":["https:\/\/www.mmfs.org\/en\/news\/"]}]},{"@type":"ImageObject","inLanguage":"en-US","@id":"https:\/\/www.mmfs.org\/en\/news\/#primaryimage","url":"https:\/\/mmfs.local\/wp-content\/uploads\/2025\/12\/MMFS_Photo_Bannner_12.jpg","contentUrl":"https:\/\/mmfs.local\/wp-content\/uploads\/2025\/12\/MMFS_Photo_Bannner_12.jpg"},{"@type":"BreadcrumbList","@id":"https:\/\/www.mmfs.org\/en\/news\/#breadcrumb","itemListElement":[{"@type":"ListItem","position":1,"name":"Home","item":"https:\/\/www.mmfs.org\/en\/"},{"@type":"ListItem","position":2,"name":"News"}]},{"@type":"WebSite","@id":"https:\/\/www.mmfs.org\/en\/#website","url":"https:\/\/www.mmfs.org\/en\/","name":"Maison et Fondation Mathieu Froment-Savoie | Accompagnement aux personnes en fin de vie","description":"","publisher":{"@id":"https:\/\/www.mmfs.org\/en\/#organization"},"potentialAction":[{"@type":"SearchAction","target":{"@type":"EntryPoint","urlTemplate":"https:\/\/www.mmfs.org\/en\/?s={search_term_string}"},"query-input":{"@type":"PropertyValueSpecification","valueRequired":true,"valueName":"search_term_string"}}],"inLanguage":"en-US"},{"@type":"Organization","@id":"https:\/\/www.mmfs.org\/en\/#organization","name":"Maison Mathieu Froment-Savoie","url":"https:\/\/www.mmfs.org\/en\/","logo":{"@type":"ImageObject","inLanguage":"en-US","@id":"https:\/\/www.mmfs.org\/en\/#\/schema\/logo\/image\/","url":"https:\/\/www.mmfs.org\/wp-content\/uploads\/2025\/11\/logommfs.svg","contentUrl":"https:\/\/www.mmfs.org\/wp-content\/uploads\/2025\/11\/logommfs.svg","width":204,"height":83,"caption":"Maison Mathieu Froment-Savoie"},"image":{"@id":"https:\/\/www.mmfs.org\/en\/#\/schema\/logo\/image\/"},"sameAs":["https:\/\/www.facebook.com\/maisonmfs\/","https:\/\/www.instagram.com\/maisonmathieufromentsavoie"]}]}},"_links":{"self":[{"href":"https:\/\/www.mmfs.org\/en\/wp-json\/wp\/v2\/pages\/996","targetHints":{"allow":["GET"]}}],"collection":[{"href":"https:\/\/www.mmfs.org\/en\/wp-json\/wp\/v2\/pages"}],"about":[{"href":"https:\/\/www.mmfs.org\/en\/wp-json\/wp\/v2\/types\/page"}],"author":[{"embeddable":true,"href":"https:\/\/www.mmfs.org\/en\/wp-json\/wp\/v2\/users\/1"}],"replies":[{"embeddable":true,"href":"https:\/\/www.mmfs.org\/en\/wp-json\/wp\/v2\/comments?post=996"}],"version-history":[{"count":4,"href":"https:\/\/www.mmfs.org\/en\/wp-json\/wp\/v2\/pages\/996\/revisions"}],"predecessor-version":[{"id":2025,"href":"https:\/\/www.mmfs.org\/en\/wp-json\/wp\/v2\/pages\/996\/revisions\/2025"}],"wp:attachment":[{"href":"https:\/\/www.mmfs.org\/en\/wp-json\/wp\/v2\/media?parent=996"}],"curies":[{"name":"wp","href":"https:\/\/api.w.org\/{rel}","templated":true}]}}