{"id":978,"date":"2025-11-05T16:43:01","date_gmt":"2025-11-05T16:43:01","guid":{"rendered":"https:\/\/mmfs.local\/fondation\/activites-de-financement\/"},"modified":"2026-04-22T21:02:35","modified_gmt":"2026-04-22T21:02:35","slug":"fundraising-activities","status":"publish","type":"page","link":"https:\/\/www.mmfs.org\/en\/the-foundation\/fundraising-activities\/","title":{"rendered":"Financing activities"},"content":{"rendered":"\n<section class=\"wp-block-group alignfull dark general_padding hero-banner-small is-layout-flow wp-block-group-is-layout-flow\">\n<figure class=\"wp-block-image size-large overlay-bg image-fixed-animation\"><img loading=\"lazy\" decoding=\"async\" width=\"1024\" height=\"372\" src=\"https:\/\/www.mmfs.org\/wp-content\/uploads\/2025\/12\/MMFS_Photo_Bannner_19-1-1024x372.jpg\" alt=\"\" class=\"wp-image-1083\" srcset=\"https:\/\/www.mmfs.org\/wp-content\/uploads\/2025\/12\/MMFS_Photo_Bannner_19-1-1024x372.jpg 1024w, https:\/\/www.mmfs.org\/wp-content\/uploads\/2025\/12\/MMFS_Photo_Bannner_19-1-300x109.jpg 300w, https:\/\/www.mmfs.org\/wp-content\/uploads\/2025\/12\/MMFS_Photo_Bannner_19-1-768x279.jpg 768w, https:\/\/www.mmfs.org\/wp-content\/uploads\/2025\/12\/MMFS_Photo_Bannner_19-1-1536x558.jpg 1536w, https:\/\/www.mmfs.org\/wp-content\/uploads\/2025\/12\/MMFS_Photo_Bannner_19-1.jpg 1720w\" sizes=\"auto, (max-width: 1024px) 100vw, 1024px\" \/><\/figure>\n\n\n\n<figure class=\"wp-block-video overlay-bg image-fixed-animation d-none\"><\/figure>\n\n\n\n<div class=\"overlay_effect\" style=\"background-color: rgba(38, 41, 51, 0.6);\">\n<\/div>\n\n\n<div class=\"wp-block-group alignfull content_text_hero is-layout-flow wp-block-group-is-layout-flow\">\n<p>La Fondation &#8211; Fundraising activities<\/p>\n\n\n\n<div style=\"height:1.4rem\" aria-hidden=\"true\" class=\"wp-block-spacer\"><\/div>\n\n\n\n<h2 class=\"wp-block-heading has-text-align-left has-custom-blanc-color has-text-color has-link-color wp-elements-8908594232e7c0f1cd6f754b2f609a1a\" id=\"dynamicTitle\" style=\"font-style:normal;font-weight:600;text-transform:none\">Support the Foundation<\/h2>\n<\/div>\n<\/section>\n\n<section class=\"wp-block-group alignfull activites is-layout-flow wp-block-group-is-layout-flow\">\n<div class=\"wp-block-group general_padding_special morelong padding_general_bottom_none is-layout-flow wp-block-group-is-layout-flow\">\n<h2 class=\"wp-block-heading\">Support the Foundation<br\/>by taking part in our activities<\/h2>\n\n\n\n<div style=\"height:5rem\" aria-hidden=\"true\" class=\"wp-block-spacer\"><\/div>\n\n\n\n<p>Throughout the year, our activities and events play an essential role in supporting the Foundation&#8217;s mission.<br\/><br\/>By taking part, you contribute directly to providing compassionate care to people at the end of life and their loved ones.<br\/><br\/>Thank you for being at the heart of this beautiful solidarity.<\/p>\n\n\n\n<div style=\"height:8rem\" aria-hidden=\"true\" class=\"wp-block-spacer\"><\/div>\n<\/div>\n\n\n<div class=\"activites_complet align padding_general_right morebig padding_general_bottom_special morelong wp-block-acf-activites\">\n        <div class=\"activites_container\">\n        \n<div class=\"single-activite animate\">\n    <div class=\"top\">\n        <div class=\"bg_ssimg\"><\/div>\n                <img decoding=\"async\" src=\"https:\/\/www.mmfs.org\/wp-content\/uploads\/2025\/11\/Photo-vins-et-fromages.jpg\" alt=\"La soir\u00e9e Vins et Fromages de la Fondation est de retour!\" \/>\n            <\/div>\n\n    <div class=\"bottom\">\n        <div class=\"bg_ss\"><\/div>\n\n        <div class=\"text_wrapper\">\n            <h5 class=\"post-title\">La soir\u00e9e Vins et Fromages de la Fondation est de retour!<\/h5>\n\n            <div class=\"post-excerpt\">\n                La 26\u00e8me \u00e9dition aura lieu le jeudi 7 mai 2026, \u00e0 partir de 18h au Palais des congr\u00e8s de Gatineau.            <\/div>\n        <\/div>\n        <div class=\"wp-block-buttons v1ablock is-layout-flex wp-block-buttons-is-layout-flex\">\n            <div class=\"wp-block-button\">\n                <a class=\"wp-block-button__link wp-element-button\" href=\"https:\/\/www.mmfs.org\/en\/activites\/la-soiree-vins-et-fromages-de-la-fondation-est-de-retour\/\">\n                    Read more of the article                <\/a>\n            <\/div>\n        <\/div>\n\n\n    <\/div>\n<\/div>\n\n\n<div class=\"single-activite animate\">\n    <div class=\"top\">\n        <div class=\"bg_ssimg\"><\/div>\n                <img decoding=\"async\" src=\"https:\/\/www.mmfs.org\/wp-content\/uploads\/2026\/02\/Golf.png\" alt=\"Jouez pour la cause!\" \/>\n            <\/div>\n\n    <div class=\"bottom\">\n        <div class=\"bg_ss\"><\/div>\n\n        <div class=\"text_wrapper\">\n            <h5 class=\"post-title\">Jouez pour la cause!<\/h5>\n\n            <div class=\"post-excerpt\">\n                La prochaine \u00e9dition de la Classique de golf Mercedes-Benz Gatineau aura lieu le lundi 24 ao\u00fbt 2026 au club de golf Rivermead.\n\nInscrivez-vous d\u00e8s maintenant!            <\/div>\n        <\/div>\n        <div class=\"wp-block-buttons v1ablock is-layout-flex wp-block-buttons-is-layout-flex\">\n            <div class=\"wp-block-button\">\n                <a class=\"wp-block-button__link wp-element-button\" href=\"https:\/\/www.mmfs.org\/en\/activites\/jouer-pour-la-cause\/\">\n                    Read more of the article                <\/a>\n            <\/div>\n        <\/div>\n\n\n    <\/div>\n<\/div>\n\n\n<div class=\"single-activite animate\">\n    <div class=\"top\">\n        <div class=\"bg_ssimg\"><\/div>\n                <img decoding=\"async\" src=\"https:\/\/www.mmfs.org\/wp-content\/uploads\/2026\/02\/a.png\" alt=\"La croisi\u00e8re des Productions Beauchamp 2026\" \/>\n            <\/div>\n\n    <div class=\"bottom\">\n        <div class=\"bg_ss\"><\/div>\n\n        <div class=\"text_wrapper\">\n            <h5 class=\"post-title\">La croisi\u00e8re des Productions Beauchamp 2026<\/h5>\n\n            <div class=\"post-excerpt\">\n                Le mardi 18 ao\u00fbt 2026 se tiendra la fameuse croisi\u00e8re des Productions Beauchamp, \u00e0 partir de 18h.            <\/div>\n        <\/div>\n        <div class=\"wp-block-buttons v1ablock is-layout-flex wp-block-buttons-is-layout-flex\">\n            <div class=\"wp-block-button\">\n                <a class=\"wp-block-button__link wp-element-button\" href=\"https:\/\/www.mmfs.org\/en\/activites\/__trashed\/\">\n                    Read more of the article                <\/a>\n            <\/div>\n        <\/div>\n\n\n    <\/div>\n<\/div>\n\n\n<div class=\"single-activite animate\">\n    <div class=\"top\">\n        <div class=\"bg_ssimg\"><\/div>\n                <img decoding=\"async\" src=\"https:\/\/www.mmfs.org\/wp-content\/uploads\/2026\/03\/Au-profit-de-la-1200-x-600-px.png\" alt=\"Tournoi de golf Gestalt : Swing pour la cause\" \/>\n            <\/div>\n\n    <div class=\"bottom\">\n        <div class=\"bg_ss\"><\/div>\n\n        <div class=\"text_wrapper\">\n            <h5 class=\"post-title\">Tournoi de golf Gestalt : Swing pour la cause<\/h5>\n\n            <div class=\"post-excerpt\">\n                Le tournoi de golf de Gestalt Groupe Financier, au profit de la Fondation Mathieu Froment-Savoie, est de retour en 2026! Rendez-vous le vendredi 3 juillet au club de golf des Hautes Plaines \u00e0 Gatineau et jouez pour la cause!            <\/div>\n        <\/div>\n        <div class=\"wp-block-buttons v1ablock is-layout-flex wp-block-buttons-is-layout-flex\">\n            <div class=\"wp-block-button\">\n                <a class=\"wp-block-button__link wp-element-button\" href=\"https:\/\/www.mmfs.org\/en\/activites\/tournoi-de-golf-gestalt-swing-pour-la-cause\/\">\n                    Read more of the article                <\/a>\n            <\/div>\n        <\/div>\n\n\n    <\/div>\n<\/div>\n\n    <\/div>\n<\/div>\n<\/section>\n","protected":false},"excerpt":{"rendered":"<p>La Fondation &#8211; Fundraising activities Support the Foundation Support the Foundationby taking part in our activities Throughout the year, our activities and events play an essential role in supporting the Foundation&#8217;s mission. By taking part, you contribute directly to providing compassionate care to people at the end of life and their loved ones. Thank you [&hellip;]<\/p>\n","protected":false},"author":1,"featured_media":0,"parent":976,"menu_order":0,"comment_status":"closed","ping_status":"closed","template":"wp-custom-template-index-la-fondation","meta":{"_acf_changed":false,"inline_featured_image":false,"footnotes":""},"class_list":["post-978","page","type-page","status-publish","hentry"],"acf":[],"yoast_head":"<!-- This site is optimized with the Yoast SEO plugin v27.4 - https:\/\/yoast.com\/product\/yoast-seo-wordpress\/ -->\n<title>Financing activities | Maison et Fondation Mathieu Froment-Savoie | Accompanying people at the end of life<\/title>\n<meta name=\"robots\" content=\"index, follow, max-snippet:-1, max-image-preview:large, max-video-preview:-1\" \/>\n<link rel=\"canonical\" href=\"https:\/\/www.mmfs.org\/en\/the-foundation\/fundraising-activities\/\" \/>\n<meta property=\"og:locale\" content=\"en_US\" \/>\n<meta property=\"og:type\" content=\"article\" \/>\n<meta property=\"og:title\" content=\"Financing activities | Maison et Fondation Mathieu Froment-Savoie | Accompanying people at the end of life\" \/>\n<meta property=\"og:description\" content=\"La Fondation &#8211; Fundraising activities Support the Foundation Support the Foundationby taking part in our activities Throughout the year, our activities and events play an essential role in supporting the Foundation&#8217;s mission. By taking part, you contribute directly to providing compassionate care to people at the end of life and their loved ones. Thank you [&hellip;]\" \/>\n<meta property=\"og:url\" content=\"https:\/\/www.mmfs.org\/en\/the-foundation\/fundraising-activities\/\" \/>\n<meta property=\"og:site_name\" content=\"Maison et Fondation Mathieu Froment-Savoie | Accompanying people at the end of life\" \/>\n<meta property=\"article:publisher\" content=\"https:\/\/www.facebook.com\/maisonmfs\/\" \/>\n<meta property=\"article:modified_time\" content=\"2026-04-22T21:02:35+00:00\" \/>\n<meta property=\"og:image\" content=\"https:\/\/www.mmfs.org\/wp-content\/uploads\/2025\/12\/MMFS_Photo_Bannner_19-1-1024x372.jpg\" \/>\n<meta name=\"twitter:card\" content=\"summary_large_image\" \/>\n<meta name=\"twitter:label1\" content=\"Est. reading time\" \/>\n\t<meta name=\"twitter:data1\" content=\"1 minute\" \/>\n<script type=\"application\/ld+json\" class=\"yoast-schema-graph\">{\"@context\":\"https:\\\/\\\/schema.org\",\"@graph\":[{\"@type\":\"WebPage\",\"@id\":\"https:\\\/\\\/www.mmfs.org\\\/en\\\/the-foundation\\\/fundraising-activities\\\/\",\"url\":\"https:\\\/\\\/www.mmfs.org\\\/en\\\/the-foundation\\\/fundraising-activities\\\/\",\"name\":\"Financing activities | Maison et Fondation Mathieu Froment-Savoie | Accompanying people at the end of life\",\"isPartOf\":{\"@id\":\"https:\\\/\\\/www.mmfs.org\\\/en\\\/#website\"},\"primaryImageOfPage\":{\"@id\":\"https:\\\/\\\/www.mmfs.org\\\/en\\\/the-foundation\\\/fundraising-activities\\\/#primaryimage\"},\"image\":{\"@id\":\"https:\\\/\\\/www.mmfs.org\\\/en\\\/the-foundation\\\/fundraising-activities\\\/#primaryimage\"},\"thumbnailUrl\":\"https:\\\/\\\/www.mmfs.org\\\/wp-content\\\/uploads\\\/2025\\\/12\\\/MMFS_Photo_Bannner_19-1-1024x372.jpg\",\"datePublished\":\"2025-11-05T16:43:01+00:00\",\"dateModified\":\"2026-04-22T21:02:35+00:00\",\"breadcrumb\":{\"@id\":\"https:\\\/\\\/www.mmfs.org\\\/en\\\/the-foundation\\\/fundraising-activities\\\/#breadcrumb\"},\"inLanguage\":\"en-US\",\"potentialAction\":[{\"@type\":\"ReadAction\",\"target\":[\"https:\\\/\\\/www.mmfs.org\\\/en\\\/the-foundation\\\/fundraising-activities\\\/\"]}]},{\"@type\":\"ImageObject\",\"inLanguage\":\"en-US\",\"@id\":\"https:\\\/\\\/www.mmfs.org\\\/en\\\/the-foundation\\\/fundraising-activities\\\/#primaryimage\",\"url\":\"https:\\\/\\\/www.mmfs.org\\\/wp-content\\\/uploads\\\/2025\\\/12\\\/MMFS_Photo_Bannner_19-1-1024x372.jpg\",\"contentUrl\":\"https:\\\/\\\/www.mmfs.org\\\/wp-content\\\/uploads\\\/2025\\\/12\\\/MMFS_Photo_Bannner_19-1-1024x372.jpg\"},{\"@type\":\"BreadcrumbList\",\"@id\":\"https:\\\/\\\/www.mmfs.org\\\/en\\\/the-foundation\\\/fundraising-activities\\\/#breadcrumb\",\"itemListElement\":[{\"@type\":\"ListItem\",\"position\":1,\"name\":\"Home\",\"item\":\"https:\\\/\\\/www.mmfs.org\\\/en\\\/\"},{\"@type\":\"ListItem\",\"position\":2,\"name\":\"The Foundation\",\"item\":\"https:\\\/\\\/www.mmfs.org\\\/en\\\/the-foundation\\\/\"},{\"@type\":\"ListItem\",\"position\":3,\"name\":\"Financing activities\"}]},{\"@type\":\"WebSite\",\"@id\":\"https:\\\/\\\/www.mmfs.org\\\/en\\\/#website\",\"url\":\"https:\\\/\\\/www.mmfs.org\\\/en\\\/\",\"name\":\"Maison et Fondation Mathieu Froment-Savoie | Accompagnement aux personnes en fin de vie\",\"description\":\"\",\"publisher\":{\"@id\":\"https:\\\/\\\/www.mmfs.org\\\/en\\\/#organization\"},\"potentialAction\":[{\"@type\":\"SearchAction\",\"target\":{\"@type\":\"EntryPoint\",\"urlTemplate\":\"https:\\\/\\\/www.mmfs.org\\\/en\\\/?s={search_term_string}\"},\"query-input\":{\"@type\":\"PropertyValueSpecification\",\"valueRequired\":true,\"valueName\":\"search_term_string\"}}],\"inLanguage\":\"en-US\"},{\"@type\":\"Organization\",\"@id\":\"https:\\\/\\\/www.mmfs.org\\\/en\\\/#organization\",\"name\":\"Maison Mathieu Froment-Savoie\",\"url\":\"https:\\\/\\\/www.mmfs.org\\\/en\\\/\",\"logo\":{\"@type\":\"ImageObject\",\"inLanguage\":\"en-US\",\"@id\":\"https:\\\/\\\/www.mmfs.org\\\/en\\\/#\\\/schema\\\/logo\\\/image\\\/\",\"url\":\"https:\\\/\\\/www.mmfs.org\\\/wp-content\\\/uploads\\\/2025\\\/11\\\/logommfs.svg\",\"contentUrl\":\"https:\\\/\\\/www.mmfs.org\\\/wp-content\\\/uploads\\\/2025\\\/11\\\/logommfs.svg\",\"width\":204,\"height\":83,\"caption\":\"Maison Mathieu Froment-Savoie\"},\"image\":{\"@id\":\"https:\\\/\\\/www.mmfs.org\\\/en\\\/#\\\/schema\\\/logo\\\/image\\\/\"},\"sameAs\":[\"https:\\\/\\\/www.facebook.com\\\/maisonmfs\\\/\",\"https:\\\/\\\/www.instagram.com\\\/maisonmathieufromentsavoie\"]}]}<\/script>\n<!-- \/ Yoast SEO plugin. -->","yoast_head_json":{"title":"Financing activities | Maison et Fondation Mathieu Froment-Savoie | Accompanying people at the end of life","robots":{"index":"index","follow":"follow","max-snippet":"max-snippet:-1","max-image-preview":"max-image-preview:large","max-video-preview":"max-video-preview:-1"},"canonical":"https:\/\/www.mmfs.org\/en\/the-foundation\/fundraising-activities\/","og_locale":"en_US","og_type":"article","og_title":"Financing activities | Maison et Fondation Mathieu Froment-Savoie | Accompanying people at the end of life","og_description":"La Fondation &#8211; Fundraising activities Support the Foundation Support the Foundationby taking part in our activities Throughout the year, our activities and events play an essential role in supporting the Foundation&#8217;s mission. By taking part, you contribute directly to providing compassionate care to people at the end of life and their loved ones. Thank you [&hellip;]","og_url":"https:\/\/www.mmfs.org\/en\/the-foundation\/fundraising-activities\/","og_site_name":"Maison et Fondation Mathieu Froment-Savoie | Accompanying people at the end of life","article_publisher":"https:\/\/www.facebook.com\/maisonmfs\/","article_modified_time":"2026-04-22T21:02:35+00:00","og_image":[{"url":"https:\/\/www.mmfs.org\/wp-content\/uploads\/2025\/12\/MMFS_Photo_Bannner_19-1-1024x372.jpg","type":"","width":"","height":""}],"twitter_card":"summary_large_image","twitter_misc":{"Est. reading time":"1 minute"},"schema":{"@context":"https:\/\/schema.org","@graph":[{"@type":"WebPage","@id":"https:\/\/www.mmfs.org\/en\/the-foundation\/fundraising-activities\/","url":"https:\/\/www.mmfs.org\/en\/the-foundation\/fundraising-activities\/","name":"Financing activities | Maison et Fondation Mathieu Froment-Savoie | Accompanying people at the end of life","isPartOf":{"@id":"https:\/\/www.mmfs.org\/en\/#website"},"primaryImageOfPage":{"@id":"https:\/\/www.mmfs.org\/en\/the-foundation\/fundraising-activities\/#primaryimage"},"image":{"@id":"https:\/\/www.mmfs.org\/en\/the-foundation\/fundraising-activities\/#primaryimage"},"thumbnailUrl":"https:\/\/www.mmfs.org\/wp-content\/uploads\/2025\/12\/MMFS_Photo_Bannner_19-1-1024x372.jpg","datePublished":"2025-11-05T16:43:01+00:00","dateModified":"2026-04-22T21:02:35+00:00","breadcrumb":{"@id":"https:\/\/www.mmfs.org\/en\/the-foundation\/fundraising-activities\/#breadcrumb"},"inLanguage":"en-US","potentialAction":[{"@type":"ReadAction","target":["https:\/\/www.mmfs.org\/en\/the-foundation\/fundraising-activities\/"]}]},{"@type":"ImageObject","inLanguage":"en-US","@id":"https:\/\/www.mmfs.org\/en\/the-foundation\/fundraising-activities\/#primaryimage","url":"https:\/\/www.mmfs.org\/wp-content\/uploads\/2025\/12\/MMFS_Photo_Bannner_19-1-1024x372.jpg","contentUrl":"https:\/\/www.mmfs.org\/wp-content\/uploads\/2025\/12\/MMFS_Photo_Bannner_19-1-1024x372.jpg"},{"@type":"BreadcrumbList","@id":"https:\/\/www.mmfs.org\/en\/the-foundation\/fundraising-activities\/#breadcrumb","itemListElement":[{"@type":"ListItem","position":1,"name":"Home","item":"https:\/\/www.mmfs.org\/en\/"},{"@type":"ListItem","position":2,"name":"The Foundation","item":"https:\/\/www.mmfs.org\/en\/the-foundation\/"},{"@type":"ListItem","position":3,"name":"Financing activities"}]},{"@type":"WebSite","@id":"https:\/\/www.mmfs.org\/en\/#website","url":"https:\/\/www.mmfs.org\/en\/","name":"Maison et Fondation Mathieu Froment-Savoie | Accompagnement aux personnes en fin de vie","description":"","publisher":{"@id":"https:\/\/www.mmfs.org\/en\/#organization"},"potentialAction":[{"@type":"SearchAction","target":{"@type":"EntryPoint","urlTemplate":"https:\/\/www.mmfs.org\/en\/?s={search_term_string}"},"query-input":{"@type":"PropertyValueSpecification","valueRequired":true,"valueName":"search_term_string"}}],"inLanguage":"en-US"},{"@type":"Organization","@id":"https:\/\/www.mmfs.org\/en\/#organization","name":"Maison Mathieu Froment-Savoie","url":"https:\/\/www.mmfs.org\/en\/","logo":{"@type":"ImageObject","inLanguage":"en-US","@id":"https:\/\/www.mmfs.org\/en\/#\/schema\/logo\/image\/","url":"https:\/\/www.mmfs.org\/wp-content\/uploads\/2025\/11\/logommfs.svg","contentUrl":"https:\/\/www.mmfs.org\/wp-content\/uploads\/2025\/11\/logommfs.svg","width":204,"height":83,"caption":"Maison Mathieu Froment-Savoie"},"image":{"@id":"https:\/\/www.mmfs.org\/en\/#\/schema\/logo\/image\/"},"sameAs":["https:\/\/www.facebook.com\/maisonmfs\/","https:\/\/www.instagram.com\/maisonmathieufromentsavoie"]}]}},"_links":{"self":[{"href":"https:\/\/www.mmfs.org\/en\/wp-json\/wp\/v2\/pages\/978","targetHints":{"allow":["GET"]}}],"collection":[{"href":"https:\/\/www.mmfs.org\/en\/wp-json\/wp\/v2\/pages"}],"about":[{"href":"https:\/\/www.mmfs.org\/en\/wp-json\/wp\/v2\/types\/page"}],"author":[{"embeddable":true,"href":"https:\/\/www.mmfs.org\/en\/wp-json\/wp\/v2\/users\/1"}],"replies":[{"embeddable":true,"href":"https:\/\/www.mmfs.org\/en\/wp-json\/wp\/v2\/comments?post=978"}],"version-history":[{"count":2,"href":"https:\/\/www.mmfs.org\/en\/wp-json\/wp\/v2\/pages\/978\/revisions"}],"predecessor-version":[{"id":2020,"href":"https:\/\/www.mmfs.org\/en\/wp-json\/wp\/v2\/pages\/978\/revisions\/2020"}],"up":[{"embeddable":true,"href":"https:\/\/www.mmfs.org\/en\/wp-json\/wp\/v2\/pages\/976"}],"wp:attachment":[{"href":"https:\/\/www.mmfs.org\/en\/wp-json\/wp\/v2\/media?parent=978"}],"curies":[{"name":"wp","href":"https:\/\/api.w.org\/{rel}","templated":true}]}}